{"id":1502,"date":"2025-06-04T16:40:36","date_gmt":"2025-06-04T14:40:36","guid":{"rendered":"https:\/\/trekking.naturpark-sfw.de\/?page_id=1502"},"modified":"2025-07-22T15:04:59","modified_gmt":"2025-07-22T13:04:59","slug":"impressum","status":"publish","type":"page","link":"https:\/\/trekking.naturpark-sfw.de\/en\/impressum\/","title":{"rendered":"Imprint"},"content":{"rendered":"<div data-elementor-type=\"wp-page\" data-elementor-id=\"1502\" class=\"elementor elementor-1502\" data-elementor-post-type=\"page\">\n\t\t\t\t<div class=\"elementor-element elementor-element-2e1815e e-flex e-con-boxed e-con e-parent\" data-id=\"2e1815e\" data-element_type=\"container\" data-e-type=\"container\" data-settings=\"{&quot;background_background&quot;:&quot;gradient&quot;}\">\n\t\t\t\t\t<div class=\"e-con-inner\">\n\t\t<div class=\"elementor-element elementor-element-6afd911 e-con-full e-flex e-con e-child\" data-id=\"6afd911\" data-element_type=\"container\" data-e-type=\"container\" data-settings=\"{&quot;background_background&quot;:&quot;classic&quot;}\">\n\t\t\t\t<div class=\"elementor-element elementor-element-6174a84 elementor-widget elementor-widget-heading\" data-id=\"6174a84\" data-element_type=\"widget\" data-e-type=\"widget\" data-widget_type=\"heading.default\">\n\t\t\t\t<div class=\"elementor-widget-container\">\n\t\t\t\t\t<h1 class=\"elementor-heading-title elementor-size-default\">Imprint<\/h1>\t\t\t\t<\/div>\n\t\t\t\t<\/div>\n\t\t\t\t<div class=\"elementor-element elementor-element-db1cf7a elementor-widget elementor-widget-text-editor\" data-id=\"db1cf7a\" data-element_type=\"widget\" data-e-type=\"widget\" data-widget_type=\"text-editor.default\">\n\t\t\t\t<div class=\"elementor-widget-container\">\n\t\t\t\t\t\t\t\t\t<p style=\"font-weight: 400;\"><strong>Naturpark Schw\u00e4bisch-Fr\u00e4nkischer Wald e.V.<\/strong><\/p><p style=\"font-weight: 400;\"><em>1. Vorsitzender<\/em>:<\/p><p style=\"font-weight: 400;\">Dr. Richard Sigel, Landrat des Rems-Murr-Kreis<\/p><p style=\"font-weight: 400;\"><em>Gesch\u00e4ftsf\u00fchrer<\/em>:<\/p><p style=\"font-weight: 400;\">Karl-Dieter Diemer<\/p><p style=\"font-weight: 400;\"><strong>Naturpark-Gesch\u00e4ftsstelle<\/strong><\/p><p style=\"font-weight: 400;\">Marktplatz 8, 71540 Murrhardt<\/p><p style=\"font-weight: 400;\">Telefon: 07192 9789 000<\/p><p style=\"font-weight: 400;\">Email:\u00a0info@naturpark-sfw.de<\/p><p style=\"font-weight: 400;\"><strong>Projektkoordination Trekking Camps<\/strong><\/p><p style=\"font-weight: 400;\">Marktplatz 8, 71540 Murrhardt<\/p><p style=\"font-weight: 400;\">Telefon: 07192 9789 008<\/p><p style=\"font-weight: 400;\">Email:\u00a0clemens.pleissner@naturpark-sfw.de<\/p><p style=\"font-weight: 400;\"><strong>Realisierung, Grafik-Design, Programmierung Internetseite<\/strong><\/p><p style=\"font-weight: 400;\">GuP Glanzer und Partner Werbeagentur GmbH<br \/>Schlosserstra\u00dfe 15<br \/>70180 Stuttgart<\/p><p style=\"font-weight: 400;\">Tel.: 0711 1673 0<\/p><p style=\"font-weight: 400;\">Email:\u00a0info@glanzer-und-partner.de<\/p><p><span style=\"font-weight: 400;\">Internet:\u00a0<a href=\"https:\/\/www.glanzer-und-partner.de\/\">www.werbeagentur-glanzer-und-partner.de<\/a><\/span><\/p>\t\t\t\t\t\t\t\t<\/div>\n\t\t\t\t<\/div>\n\t\t\t\t<\/div>\n\t\t\t\t\t<\/div>\n\t\t\t\t<\/div>\n\t\t<div class=\"elementor-element elementor-element-ef495cc e-con-full e-flex e-con e-parent\" data-id=\"ef495cc\" data-element_type=\"container\" data-e-type=\"container\" data-settings=\"{&quot;background_background&quot;:&quot;classic&quot;}\">\n\t\t\t\t<div class=\"elementor-element elementor-element-20cfaf3 elementor-widget elementor-widget-html\" data-id=\"20cfaf3\" data-element_type=\"widget\" data-e-type=\"widget\" data-widget_type=\"html.default\">\n\t\t\t\t<div class=\"elementor-widget-container\">\n\t\t\t\t\t<?xml version=\"1.0\" encoding=\"UTF-8\"?>\n<svg id=\"Ebene_1\" data-name=\"Ebene 1\" xmlns=\"http:\/\/www.w3.org\/2000\/svg\" viewbox=\"0 0 1920 207.6\">\n  <defs>\n    <style>\n      .cls-1 {\n        fill: var(--e-global-color-0677a7d);\n      }\n    <\/style>\n  <\/defs>\n  <path class=\"cls-1\" d=\"M0,47.46l9.6-11.99v7.43c0,.21,1.24,2.86,1.52,3.28,2.95,4.5,10.29,3.83,11,4.95,1.72,3.1-1.97,13.07,1.4,14.78,3.14,1.59,2.55-4.11,2.39-6.23-.43-5.97-4.18-12.6-2.14-18.46,1.32-3.79,4.79-7.67,4.99-11.83.36-7.34-7.65-22.04-1.42-27.74.47-.43.68-.88,1.45-.7l9.13,61.84,6.47-11.93,15.61,9.05c-.16-9.34.21-18.72.02-28.07-.07-3.35-2.45-9.83,3.33-9.32.59,3.57,1.7,7.14,1.93,10.78.78,12.23-3.22,25.8-2.7,38.27.11,2.56.66,4.55,3.65,4.14l12.49-55.12c.94,4.05.4,8.51-.05,12.64-1.13,10.2-6.13,23.74-6.2,33.16-.02,2.34,1.18,5.01,1.41,7.22.75,7.22-3.74,13.77-2.84,21.54.64,5.48,6.1,3.22,8.9.72,5.39-4.8,5.18-15.64,4.49-22.25-.47-4.45-1.65-8.84-2.33-13.25l9.11,8.63-5.75-42.19,10.79,23.48,10.32-11.5-5.75,21.09,6.24-1.43v16.54c2.9,1.89,9.49,2.26,11.93-.55s1.86-9.97,2.6-13.71c1.41-7.19,5.41-8.32,8.9-13.64s3.37-9.11,2.01-15.01l5.75,2.88-1.43-35c.68.29.78,2.42.89,3.18,2.6,17.57,4.35,35.32,6.79,52.91l3.65-14.89,2.59.03.48,24.93,12.48-11.99v21.58c.97.08,1.86-1,2.4-1.68,4.48-5.65,3.9-21.21,3.36-28.28-1.04-13.61-4.36-27.28-2.87-41l9.6,58.49c8.32-6.73-.75-19.16,0-27.81l6.24,5.75v-16.3l2.88,22.53,6.24-2.87v11.99c3.2-.68,6.17-3.15,9.16-4.61l-5.79-29.43c7.35.3,2.92,11.86,8.39,13.95,4.29,1.64,3.03-8.62,7.45-7.72v21.58l6.24-5.75,4.8,23.97,4.33-33.56c8.25,1.91-2.55,18.94,9.53,15.75,1.19-6.04,1.51-12.26,2.55-18.31.11-.66.14-2.6.88-2.71l1.99,17.43.89,4.14V11.03l5.71,21.87.53,17.45c1.99-.48,14.63-4.99,15.15-5.73.34-.48.25-1.05.12-1.57l-5.67-17.14,5.78,2.17,3.34-5.04v18.22c9.87-4.38,8.85-16.08,6.72-24.93l5.45,2.43.79-3.87,9.12,32.6c11.96-3.08,1.34-19.72,9.59-24.93l6.49,34.04c6.42-4.68,3.41-13.77,3.09-20.35-.27-5.67-.32-11.45,2.43-16.56l3.36,24.45c8.88-3.2,9.41-10.05,6.72-18.21,7.56,2.54,5.75,13.02,2.88,18.69,11.04,2.48,4.07-13.74,12.48-15.81l-2.83,16.98,5.96,25.7,3.12-39.32,9.6,11.99v-18.22c10.46,4.31,4.49,17.99,6.46,26.87.59,2.64,6.21,16.59,8.66,16.75l3.61-21.57,4.79,5.75,4.35-11.97,6.7,2.38c.72-12.66,3.62-25.01,5.4-37.52.55-1.7,1.8-3.08,3.72-2.75-.29,1.66-.76,3.35-.95,5.04-1.79,16.1-2.51,48.15,1.78,63.42.52,1.85,1.84,6.55,4.21,6.63,1.68.06,8.94-2.99,10.66-4.04,9.15-5.55,3.07-13.87,3.01-22.29,5.31-2.91,9.31-6.65,7.22-13.29l5.75,4.79,9.13-23.74,3.43,14.56c8.89,1.39,12.45-7.71,14.1-14.79,1.47-6.31,1.54-12.82,2.64-19.18l1.92,46.02,9.11-11.03-2.88,39.79c3.11,0,8.97-.5,11.05-3.1,3.41-4.26-.48-11.67,1.55-16.67.99-2.43,5.5-1.98,6.04-3.55.09-6.81-4.75-12.65-3.28-19.82l9.6,33.08,3.59-8.62,8.88,5.74-5.75-29.72,5.76,11.02,6.71-8.63,2.97,30.84,7.36,6.07c.69-.46.67-.91.75-1.64.23-2.2.74-16.09,1.42-16.57l21.59,9.11-2.39-28.29,5.8,24.88,24.92-2.83-6.96-26.85,8.64,13.89,3.36-5.74,7.21,5.74c.6,1.19-1,7.4-1.21,9.36-.79,7.42-.42,15.09,3.12,21.81,12.21-7.56,2.77-31.53,12.71-39.08.48-.37.6-.93,1.44-.72v20.62l1.78-4.21c3.5-11.36,2.97-23.44,1.58-35.1,1.55,1.24,2.42,3.19,3.7,4.67.29.34-.02.91,1.09.61l2.65-8.15,1.68,38.84.81-1.34,5.42-21.19c-.29,1.73.41,3.35.5,5.01.22,4.05-.83,13.04.08,16.22.18.63,3.89,5.17,4.45,5.17l7.92-5.78,5.77,27.81c2.56.14,3.53-2.94,3.78-5.09.68-5.69-1.13-11.83-.35-17.61,4.71-3.75,8.6-7.63,7.61-14.22l7.68,17.74,1.42-.73,8.16-10.78-.95,19.17.96-6.71c.69-.75,8.12,4.96,11.44-.79.39-.68,1.51-4.14,1.51-4.72v-16.06l5.14,7.54,1.1.61v-21.1c3.14,2.82,6.2,5.81,9.13,8.86,1.03,1.08,1.68,3.05,3.35,3.13v-18.7c10.58-1.08,4.63,6.05,3.97,11.39s4.07,11.46,5.4,16.89c.79,3.24.94,5.82.24,9.11,3.35-1.15,5.02-5.75,5.64-8.99.95-5,.26-8.93.1-13.76-.06-1.92-.71-5.71,1.96-4.86,3.1.99,3.99,7.73,3.76,10.53-.43,5.2-5.62,14.45.54,17.56.22-2.56-1.26-6.84.98-8.86,2.79-2.52,8.58,0,11.99-.74l-3.36-27.32,6.48,11.5,5.99-5.74,3.37,31.16,6.23-2.87-2.87,23.01,8.64-25.89,1.07.61,9.99,23.34c1.26.28,2.14-.78,2.85-1.66,5.24-6.48-1.38-15.59-.95-22.77l28.31,15.34,6.56-31.19c10.4-1.31,4.44,6.34,3.64,11.4-.88,5.55,1.98,12.26,2.54,17.85l12.22,8.16-5.75-56.57,9.24,38.47c2,2.01,9.66,12.02,11.66,12.36,5.08.85,6.42-7.33,6.87-10.86.7-5.41.08-10.08.04-15.26-.04-4.88.06-9.77.02-14.64l5.35,7.83,1.36.8,5.76-14.38c-.8,9.93-3.19,20.83-1.22,30.71.77,3.86,2.58,8.51,6.99,9.09l-5.31,3.68c1.09,4.66,1.34,9.63,2.45,14.27.13.53.1.99.77,1.16,11.11.19,12.21-11.46,15.3-19.11,2.85-7.04,11.61-11.3,14.89-18.21,1.51-3.18,1.25-5.67,1.18-9.13l9.12,5.27,2.89-17.73c.69-.11.63.81.83,1.31,4.21,10.78,6.79,23.85,11.41,34.15,1.54,3.43,4.36,6.77,6.24,10.07l3.6-46.02c.42-.52,1.88,1.09,2.13,1.46,2.95,4.26-.08,15.95,1.81,21.68,1.11,3.35,5.31,6.72,8.52,8.02l-1.43-39.79,20.22,58.42,5.24.34c1.79-1.27-1.49-12.53-2.09-14.76-2-7.47-5.18-14.67-6.1-22.43l12.48,14.38v-17.26l6.23,13.9,3.36-20.13,9.13,55.61c3.36-.63,4.59-3.96,5.34-6.89,3.29-12.83-1.54-27.2-1.98-40.1,1.98.08,3.33,2.22,4.08,3.84,3.33,7.21.66,19.28,10.79,21.6-.54,4.75-3.51,14.52,3.85,14.84v-27.81c6.38.35,1.49,9,3.24,13.3.25.62,3.48,4.25,4.18,4.93.43.41,4.4,3.57,4.57,3.34-3.01-10.77,1.24-20.72,3.71-31.05l1.09-8.74,8.17,33.56,4.79-5.75,1.68,8.63,10.8-11.98,3.36,11.98,4.33-14.86,9.59,11.98,6.25-23.49v17.26l9.12-5.75-9.11,26.59,6.24,10.12,6.24-1.47v-16.54l6.23,2.88,12.73-31.17,12.48,33.56,6-30.2,9.6,23.49v-29.73l5.64,10.89,1.07.62,2.88-13.9,2.89,54.65c1.28,1.45,7.25-7.41,7.76-8.31,1.95-3.4,5.2-12.18,5.2-15.9v-10.79l6.2,22.81c2.45,1.96,6.28.21,6.28-2.91V10.07h2.88v49.38l5.77-14.38.72.47c1.49,10.3,2.77,20.61,4.08,30.94.11.87-.19.79.95.71l4.33-32.6c8.66,3.17-3.89,21.84,9.53,18.63l7.27-36.85c.85-.19.95.25,1.36.79,3.22,4.28,6.19,11.48,9.11,16.31.52.85,1.77,3.52,2.72,3.52l4.09-11.51c1.12-.24.77.16,1.07.62.68,1.05,2.05,4.95,2.76,5.38.64.39,3.76.41,4.49.16,1.53-.52,1.29-4,2.45-5.22,1.45-1.52,6.15-2.37,8.28-3.72,2.68-1.69,3.04-3.31,3.51-6.32,1.35.31,3.59,5.64,4.55,5.27,1.09-.43,3.26-4.94,4.56-5.75.91,10.81-6.47,19.93-9.95,29.6-1.69,4.7-3,7.38-.32,12.06,3.23,5.65,11.34,9.93,7.4,17.78,14.55,2.93,5.52-7.13,6.78-15.04l8.57-36.73c.19.87.54,1.71.53,2.63-.13,9.81-2.67,19.51-3.4,29.25-.3,3.98-.85,12.63-.51,16.32.23,2.49,1.73,4.47,4.51,3.51,1.5-.52,8.17-24.76,10.15-27.75l5.15,14.75,11.89,3.46,2.89-36.43,1.08,1.05,5.63,16.2c2.16-10.65-3.7-20.78-2.87-31.39.3-3.84,1.6-10.75,5.52-12.23l7.16,43.17c.73,1.08,6.92-1.22,8.32,2.72.87,2.46-.13,7.2,3.95,7.32l2.88-11.51v23.49l14.77-35.35,1.07-19.31,8.87,23.01c.77-.55.77-1.29.74-2.13-.2-6.5-2.53-16.54,1.9-22.08.44-.55,3.4-3.15,3.84-2.63.52,3.51-1.83,6.62-2.27,9.95-.69,5.2,3.34,15.64,5.28,20.85,2.4,6.47,10.99,27.38,17.62,29.39,4.37,1.33,4.94-1.06,4.12-4.59-1.6-6.9-14.84-23.94-12.02-29.71.53-1.09,2.05-1.06,3.11-.94.32,3.4,1.86,6.81,3.29,9.9,2.75,5.93,12.41,22.02,18.21,24.48.89.38,2.6,1.12,3.26.16l-5.32-31.66.25-1.44,11.77,29.23c8.52-10.53,9.85-24.11,8.88-37.14-.59-7.9-2.5-15.78-2.39-23.74l10.79,26.84c4.77-6.73-6.64-20.64-3.73-26.74.67-1.4,4.39-2.22,5.19-1.09l9.34,56.12c6.12-.63,2.97-9.12,2.86-13.17-.19-6.5,1.96-4.79,6.43-7.04,1.04-.52,1.53-2.28,2.33-.76,2.73,5.19-1.48,16.48,7.58,17.62l9.12-45.55v30.21c4.33.64,2.78-2.91,3.81-5.54,1.15-.8,11.83,1.3,13.17,2.24,2.19,1.54.84,6.76,3.92,6.65.45-.02,1.17-.43,1.17-.71v-29.49l5.76,31.65.95-.72,2.88-13.18,6.24,18.21,12.48-21.57c3.31,9.75-8.26,24.84,2.88,31.16l5.76-19.18-5.04,41.22c4.65-2.31,3.37-8.05,4.95-12.3,1.34-3.59,4.53-8.17,6.26-11.97,2.58-5.64,4.57-11.46,7.5-16.96,4.32-8.12,10.42-15.61,13.22-24.44,3.75-.12,2.26,4.75,1.68,7.2-2.42,10.24-8.52,21.01-12.12,31.04-1.95,5.43-4.86,12.14-3.48,17.85l13.18-22.54,2.65-14.85,8.1-.06,5.82-15.76c10.65,10.69,3.28,26.75,4.77,39.58.42,3.58,5.64,1.88,7.83,1.06,3.91-1.47,13.33-8.07,15.15-11.72s.55-9.76,5.36-10.22c2.02,10.38.05,25.18,14.65,25.43l1.19-.73v-24.21l8.17,10.78,1.43.73c.9-7.19,1.15-15.19,2.43-22.27.1-.57.26-1.14.93-1.22l9.12,20.62,2.89-24.45,6.24,3.12v27.57l6.24-11.51v16.54c0,2.54,3.49,7.39,6.24,7.91l1.45-18.22c1.15-.27.78.2,1.07.62,1.37,1.99,2.34,4.36,3.73,6.36l6.24-.75v7.43c0,1.75,4.91,1.94,6.24,1.68v-14.38l6.24,29.25c1.65-.76,2.72-8.13,3.36-8.63l6.23,5.75v-48.9l6.25,23.49c.67.06.78-1.06,1.02-1.6,1.59-3.57,2.85-8.43,4.64-11.67.25-.45.45-1.06,1.05-1.11.68,5.5,1.41,11.08,2.42,16.53.14.78-.33.84.94.73l14.88-32.6c.42,8.95-9.44,19.84-5.21,28.47.95,1.93,3.38,4.67,5.7,4.62l2.64-16.78c1.12,2.76,1.48,5.77,2.42,8.61,3,8.97,9.04,18.23,16.54,23.99l-6.24-24.45,9.6,5.75,6.24-23.97c.59,13.82-7.53,30.78,2.64,42.67.46.54,3.03,3.33,3.61,2.87l-2.87-17.74,5.75,5.27c1.32-4.16-.05-8.67-.02-12.68.05-6.47.42-15.09,1.69-21.38,1.33-6.58,4.2-13.56,9.14-18.2l-1.14,31.09c1.16.67,2.15.35,3.3-.17,6.03-2.73,13.51-16.65,18.25-22.04.97-1.1,2.09-2.06,3.11-3.12l3.61,21.56,6.23-8.63,1.68,23.98,7.44-27.33c2.43.62,3.64,3.25,3.86,5.49.72,7.23-3.3,14.64-3.86,21.84.84.17,1.19-.43,1.69-.95,4.07-4.21,7.35-10.14,11.48-14.43l6.03-26.81-.41,21.75c.42,1.24,7.92,1.82,9.54,2.22l-5.75,3.38c1.28,3,1.32,8.84,2.62,11.48.1.2.56.59.72.47l8.05-17.12,1.07-.62c.88,1.09-1.26,23.63-.95,27.56.07.9.56,4.15.91,4.72.3.48,2.32,1.1,3.16,1.76,4.02,3.17,1.45,7.57.24,11.5.85.88,4.49-4.76,4.88-5.43,7.93-13.62,4.61-31.82,4.24-46.83,7.54,4.22,6.68,14.37,7.74,21.75.31,2.14,1.01,4.29,1.33,6.34.82,5.34-1.61,7.09,6.29,6.43l1.91-36.44c.81,7.78,3.74,15.46,4.32,23.26.65,8.72-.77,18.05.54,26.79.67,4.44,2.56,11.05,6.16,3.86l5.79-70.21,6.71,26.84,6.24-38.83c.43,17.13-3.41,35.8,5.76,51.3v154.38H0V47.46ZM452.14,100.67c1.01-6.18,3.46-12.46.58-18.53-.55-1.16-3.51-4.42-3.39-5.12l6.03-5.81-6.17-19.58c-1.16-1.96-4.22-1.36-6.03-.7-1.69,1.46.51,17.97.91,21.15.84,6.67,2.08,18.76,4.01,24.76.65,2.03,1.46,4.2,4.06,3.82Z\"\/>\n<\/svg>\t\t\t\t<\/div>\n\t\t\t\t<\/div>\n\t\t\t\t<\/div>\n\t\t\t\t<\/div>","protected":false},"excerpt":{"rendered":"<p>Impressum Naturpark Schw\u00e4bisch-Fr\u00e4nkischer Wald e.V. 1. Vorsitzender: Dr. Richard Sigel, Landrat des Rems-Murr-Kreis Gesch\u00e4ftsf\u00fchrer: Karl-Dieter Diemer Naturpark-Gesch\u00e4ftsstelle Marktplatz 8, 71540 Murrhardt Telefon: 07192 9789 000 Email:\u00a0info@naturpark-sfw.de Projektkoordination Trekking Camps Marktplatz 8, 71540 Murrhardt Telefon: 07192 9789 008 Email:\u00a0clemens.pleissner@naturpark-sfw.de Realisierung, Grafik-Design, Programmierung Internetseite GuP Glanzer und Partner Werbeagentur GmbHSchlosserstra\u00dfe 1570180 Stuttgart Tel.: 0711 1673 0 Email:\u00a0info@glanzer-und-partner.de [&hellip;]<\/p>\n","protected":false},"author":3,"featured_media":929,"parent":0,"menu_order":0,"comment_status":"closed","ping_status":"closed","template":"","meta":{"footnotes":""},"class_list":["post-1502","page","type-page","status-publish","has-post-thumbnail","hentry"],"yoast_head":"<!-- This site is optimized with the Yoast SEO plugin v27.3 - https:\/\/yoast.com\/product\/yoast-seo-wordpress\/ -->\n<title>Impressum - Trekking im Naturpark Schw\u00e4bisch-Fr\u00e4nkischer Wald<\/title>\n<meta name=\"description\" content=\"Impressum von Trekking Naturpark SFW\" \/>\n<meta name=\"robots\" content=\"index, follow, max-snippet:-1, max-image-preview:large, max-video-preview:-1\" \/>\n<link rel=\"canonical\" href=\"https:\/\/trekking.naturpark-sfw.de\/en\/impressum\/\" \/>\n<meta property=\"og:locale\" content=\"en_US\" \/>\n<meta property=\"og:type\" content=\"article\" \/>\n<meta property=\"og:title\" content=\"Impressum - Trekking im Naturpark Schw\u00e4bisch-Fr\u00e4nkischer Wald\" \/>\n<meta property=\"og:description\" content=\"Impressum von Trekking Naturpark SFW\" \/>\n<meta property=\"og:url\" content=\"https:\/\/trekking.naturpark-sfw.de\/en\/impressum\/\" \/>\n<meta property=\"og:site_name\" content=\"Trekking im Naturpark Schw\u00e4bisch-Fr\u00e4nkischer Wald\" \/>\n<meta property=\"article:modified_time\" content=\"2025-07-22T13:04:59+00:00\" \/>\n<meta property=\"og:image\" content=\"https:\/\/trekking.naturpark-sfw.de\/wp-content\/uploads\/2025\/03\/trekking-naturpark-sfw_favicon.png\" \/>\n\t<meta property=\"og:image:width\" content=\"2134\" \/>\n\t<meta property=\"og:image:height\" content=\"2134\" \/>\n\t<meta property=\"og:image:type\" content=\"image\/png\" \/>\n<meta name=\"twitter:card\" content=\"summary_large_image\" \/>\n<meta name=\"twitter:label1\" content=\"Est. reading time\" \/>\n\t<meta name=\"twitter:data1\" content=\"1 minute\" \/>\n<script type=\"application\/ld+json\" class=\"yoast-schema-graph\">{\"@context\":\"https:\\\/\\\/schema.org\",\"@graph\":[{\"@type\":\"WebPage\",\"@id\":\"https:\\\/\\\/trekking.naturpark-sfw.de\\\/impressum\\\/\",\"url\":\"https:\\\/\\\/trekking.naturpark-sfw.de\\\/impressum\\\/\",\"name\":\"Impressum - Trekking im Naturpark Schw\u00e4bisch-Fr\u00e4nkischer Wald\",\"isPartOf\":{\"@id\":\"https:\\\/\\\/trekking.naturpark-sfw.de\\\/#website\"},\"primaryImageOfPage\":{\"@id\":\"https:\\\/\\\/trekking.naturpark-sfw.de\\\/impressum\\\/#primaryimage\"},\"image\":{\"@id\":\"https:\\\/\\\/trekking.naturpark-sfw.de\\\/impressum\\\/#primaryimage\"},\"thumbnailUrl\":\"https:\\\/\\\/trekking.naturpark-sfw.de\\\/wp-content\\\/uploads\\\/2025\\\/03\\\/trekking-naturpark-sfw_favicon.png\",\"datePublished\":\"2025-06-04T14:40:36+00:00\",\"dateModified\":\"2025-07-22T13:04:59+00:00\",\"description\":\"Impressum von Trekking Naturpark SFW\",\"inLanguage\":\"en-US\",\"potentialAction\":[{\"@type\":\"ReadAction\",\"target\":[\"https:\\\/\\\/trekking.naturpark-sfw.de\\\/impressum\\\/\"]}]},{\"@type\":\"ImageObject\",\"inLanguage\":\"en-US\",\"@id\":\"https:\\\/\\\/trekking.naturpark-sfw.de\\\/impressum\\\/#primaryimage\",\"url\":\"https:\\\/\\\/trekking.naturpark-sfw.de\\\/wp-content\\\/uploads\\\/2025\\\/03\\\/trekking-naturpark-sfw_favicon.png\",\"contentUrl\":\"https:\\\/\\\/trekking.naturpark-sfw.de\\\/wp-content\\\/uploads\\\/2025\\\/03\\\/trekking-naturpark-sfw_favicon.png\",\"width\":2134,\"height\":2134},{\"@type\":\"WebSite\",\"@id\":\"https:\\\/\\\/trekking.naturpark-sfw.de\\\/#website\",\"url\":\"https:\\\/\\\/trekking.naturpark-sfw.de\\\/\",\"name\":\"Trekking im Naturpark Schw\u00e4bisch-Fr\u00e4nkischer Wald\",\"description\":\"Gef\u00fchrte Trekkingtouren und Naturerlebnisse\",\"publisher\":{\"@id\":\"https:\\\/\\\/trekking.naturpark-sfw.de\\\/#organization\"},\"potentialAction\":[{\"@type\":\"SearchAction\",\"target\":{\"@type\":\"EntryPoint\",\"urlTemplate\":\"https:\\\/\\\/trekking.naturpark-sfw.de\\\/?s={search_term_string}\"},\"query-input\":{\"@type\":\"PropertyValueSpecification\",\"valueRequired\":true,\"valueName\":\"search_term_string\"}}],\"inLanguage\":\"en-US\"},{\"@type\":\"Organization\",\"@id\":\"https:\\\/\\\/trekking.naturpark-sfw.de\\\/#organization\",\"name\":\"Trekking im Naturpark Schw\u00e4bisch-Fr\u00e4nkischer Wald\",\"url\":\"https:\\\/\\\/trekking.naturpark-sfw.de\\\/\",\"logo\":{\"@type\":\"ImageObject\",\"inLanguage\":\"en-US\",\"@id\":\"https:\\\/\\\/trekking.naturpark-sfw.de\\\/#\\\/schema\\\/logo\\\/image\\\/\",\"url\":\"https:\\\/\\\/trekking.naturpark-sfw.de\\\/wp-content\\\/uploads\\\/2025\\\/03\\\/trekking-naturpark-sfw_logo.png\",\"contentUrl\":\"https:\\\/\\\/trekking.naturpark-sfw.de\\\/wp-content\\\/uploads\\\/2025\\\/03\\\/trekking-naturpark-sfw_logo.png\",\"width\":445,\"height\":268,\"caption\":\"Trekking im Naturpark Schw\u00e4bisch-Fr\u00e4nkischer Wald\"},\"image\":{\"@id\":\"https:\\\/\\\/trekking.naturpark-sfw.de\\\/#\\\/schema\\\/logo\\\/image\\\/\"}}]}<\/script>\n<!-- \/ Yoast SEO plugin. -->","yoast_head_json":{"title":"Impressum - Trekking im Naturpark Schw\u00e4bisch-Fr\u00e4nkischer Wald","description":"Impressum von Trekking Naturpark SFW","robots":{"index":"index","follow":"follow","max-snippet":"max-snippet:-1","max-image-preview":"max-image-preview:large","max-video-preview":"max-video-preview:-1"},"canonical":"https:\/\/trekking.naturpark-sfw.de\/en\/impressum\/","og_locale":"en_US","og_type":"article","og_title":"Impressum - Trekking im Naturpark Schw\u00e4bisch-Fr\u00e4nkischer Wald","og_description":"Impressum von Trekking Naturpark SFW","og_url":"https:\/\/trekking.naturpark-sfw.de\/en\/impressum\/","og_site_name":"Trekking im Naturpark Schw\u00e4bisch-Fr\u00e4nkischer Wald","article_modified_time":"2025-07-22T13:04:59+00:00","og_image":[{"width":2134,"height":2134,"url":"https:\/\/trekking.naturpark-sfw.de\/wp-content\/uploads\/2025\/03\/trekking-naturpark-sfw_favicon.png","type":"image\/png"}],"twitter_card":"summary_large_image","twitter_misc":{"Est. reading time":"1 minute"},"schema":{"@context":"https:\/\/schema.org","@graph":[{"@type":"WebPage","@id":"https:\/\/trekking.naturpark-sfw.de\/impressum\/","url":"https:\/\/trekking.naturpark-sfw.de\/impressum\/","name":"Impressum - Trekking im Naturpark Schw\u00e4bisch-Fr\u00e4nkischer Wald","isPartOf":{"@id":"https:\/\/trekking.naturpark-sfw.de\/#website"},"primaryImageOfPage":{"@id":"https:\/\/trekking.naturpark-sfw.de\/impressum\/#primaryimage"},"image":{"@id":"https:\/\/trekking.naturpark-sfw.de\/impressum\/#primaryimage"},"thumbnailUrl":"https:\/\/trekking.naturpark-sfw.de\/wp-content\/uploads\/2025\/03\/trekking-naturpark-sfw_favicon.png","datePublished":"2025-06-04T14:40:36+00:00","dateModified":"2025-07-22T13:04:59+00:00","description":"Impressum von Trekking Naturpark SFW","inLanguage":"en-US","potentialAction":[{"@type":"ReadAction","target":["https:\/\/trekking.naturpark-sfw.de\/impressum\/"]}]},{"@type":"ImageObject","inLanguage":"en-US","@id":"https:\/\/trekking.naturpark-sfw.de\/impressum\/#primaryimage","url":"https:\/\/trekking.naturpark-sfw.de\/wp-content\/uploads\/2025\/03\/trekking-naturpark-sfw_favicon.png","contentUrl":"https:\/\/trekking.naturpark-sfw.de\/wp-content\/uploads\/2025\/03\/trekking-naturpark-sfw_favicon.png","width":2134,"height":2134},{"@type":"WebSite","@id":"https:\/\/trekking.naturpark-sfw.de\/#website","url":"https:\/\/trekking.naturpark-sfw.de\/","name":"Trekking in the Swabian-Franconian Forest Nature Park","description":"Gef\u00fchrte Trekkingtouren und Naturerlebnisse","publisher":{"@id":"https:\/\/trekking.naturpark-sfw.de\/#organization"},"potentialAction":[{"@type":"SearchAction","target":{"@type":"EntryPoint","urlTemplate":"https:\/\/trekking.naturpark-sfw.de\/?s={search_term_string}"},"query-input":{"@type":"PropertyValueSpecification","valueRequired":true,"valueName":"search_term_string"}}],"inLanguage":"en-US"},{"@type":"Organization","@id":"https:\/\/trekking.naturpark-sfw.de\/#organization","name":"Trekking in the Swabian-Franconian Forest Nature Park","url":"https:\/\/trekking.naturpark-sfw.de\/","logo":{"@type":"ImageObject","inLanguage":"en-US","@id":"https:\/\/trekking.naturpark-sfw.de\/#\/schema\/logo\/image\/","url":"https:\/\/trekking.naturpark-sfw.de\/wp-content\/uploads\/2025\/03\/trekking-naturpark-sfw_logo.png","contentUrl":"https:\/\/trekking.naturpark-sfw.de\/wp-content\/uploads\/2025\/03\/trekking-naturpark-sfw_logo.png","width":445,"height":268,"caption":"Trekking im Naturpark Schw\u00e4bisch-Fr\u00e4nkischer Wald"},"image":{"@id":"https:\/\/trekking.naturpark-sfw.de\/#\/schema\/logo\/image\/"}}]}},"_links":{"self":[{"href":"https:\/\/trekking.naturpark-sfw.de\/en\/wp-json\/wp\/v2\/pages\/1502","targetHints":{"allow":["GET"]}}],"collection":[{"href":"https:\/\/trekking.naturpark-sfw.de\/en\/wp-json\/wp\/v2\/pages"}],"about":[{"href":"https:\/\/trekking.naturpark-sfw.de\/en\/wp-json\/wp\/v2\/types\/page"}],"author":[{"embeddable":true,"href":"https:\/\/trekking.naturpark-sfw.de\/en\/wp-json\/wp\/v2\/users\/3"}],"replies":[{"embeddable":true,"href":"https:\/\/trekking.naturpark-sfw.de\/en\/wp-json\/wp\/v2\/comments?post=1502"}],"version-history":[{"count":0,"href":"https:\/\/trekking.naturpark-sfw.de\/en\/wp-json\/wp\/v2\/pages\/1502\/revisions"}],"wp:featuredmedia":[{"embeddable":true,"href":"https:\/\/trekking.naturpark-sfw.de\/en\/wp-json\/wp\/v2\/media\/929"}],"wp:attachment":[{"href":"https:\/\/trekking.naturpark-sfw.de\/en\/wp-json\/wp\/v2\/media?parent=1502"}],"curies":[{"name":"wp","href":"https:\/\/api.w.org\/{rel}","templated":true}]}}